{"id":1265,"date":"2023-01-20T11:32:36","date_gmt":"2023-01-20T10:32:36","guid":{"rendered":"https:\/\/www.kozzarailing.pl\/?page_id=1265"},"modified":"2023-03-08T13:37:13","modified_gmt":"2023-03-08T12:37:13","slug":"seria-kf-1000-elementy-systemu","status":"publish","type":"page","link":"https:\/\/www.kozzarailing.pl\/index.php\/oferta\/seria-kf-1000-elementy-systemu\/","title":{"rendered":"Seria KF 1000 elementy systemu"},"content":{"rendered":"<p>[et_pb_section fb_built=&#8221;1&#8243; admin_label=&#8221;Practice Section&#8221; _builder_version=&#8221;4.16&#8243; _module_preset=&#8221;default&#8221; custom_padding=&#8221;50px||50px||false|&#8221; saved_tabs=&#8221;all&#8221; global_colors_info=&#8221;{}&#8221;][et_pb_row _builder_version=&#8221;4.17.4&#8243; _module_preset=&#8221;default&#8221; global_colors_info=&#8221;{}&#8221;][et_pb_column type=&#8221;4_4&#8243; _builder_version=&#8221;4.17.4&#8243; _module_preset=&#8221;default&#8221; global_colors_info=&#8221;{}&#8221;][et_pb_nextend_smart_slider_3 slider=&#8221;11&#8243; _builder_version=&#8221;4.19.4&#8243; _module_preset=&#8221;default&#8221; global_colors_info=&#8221;{}&#8221;][\/et_pb_nextend_smart_slider_3][\/et_pb_column][\/et_pb_row][et_pb_row admin_label=&#8221;Practice Area&#8221; _builder_version=&#8221;4.16&#8243; _module_preset=&#8221;default&#8221; locked=&#8221;off&#8221; global_colors_info=&#8221;{}&#8221;][et_pb_column type=&#8221;4_4&#8243; _builder_version=&#8221;4.16&#8243; _module_preset=&#8221;default&#8221; custom_padding=&#8221;|||&#8221; global_colors_info=&#8221;{}&#8221; custom_padding__hover=&#8221;|||&#8221;][et_pb_text admin_label=&#8221;Title&#8221; _builder_version=&#8221;4.17.4&#8243; _module_preset=&#8221;default&#8221; text_font=&#8221;Rubik||||||||&#8221; header_font=&#8221;Rubik|700|||||||&#8221; header_2_font=&#8221;Rubik|700|||||||&#8221; header_2_text_align=&#8221;center&#8221; header_2_font_size=&#8221;48px&#8221; header_2_line_height=&#8221;1.6em&#8221; custom_margin=&#8221;||10px|&#8221; custom_padding=&#8221;|||&#8221; animation_style=&#8221;fade&#8221; header_2_font_size_tablet=&#8221;40px&#8221; header_2_font_size_phone=&#8221;&#8221; header_2_font_size_last_edited=&#8221;on|tablet&#8221; global_colors_info=&#8221;{}&#8221;]<\/p>\n<h2><a href=\"https:\/\/www.kozzarailing.pl\/index.php\/oferta\/seria-ke-100-elementy-systemu\">Seria KF 100<\/a>0<\/h2>\n<p>[\/et_pb_text][et_pb_text admin_label=&#8221;Title&#8221; _builder_version=&#8221;4.19.4&#8243; _module_preset=&#8221;default&#8221; text_font=&#8221;Rubik||||||||&#8221; header_font=&#8221;Rubik||||||||&#8221; header_2_font=&#8221;Rubik||||||||&#8221; header_2_text_align=&#8221;center&#8221; header_2_font_size=&#8221;48px&#8221; header_2_line_height=&#8221;1.6em&#8221; custom_margin=&#8221;||10px|&#8221; custom_padding=&#8221;0px|||||&#8221; animation_style=&#8221;fade&#8221; header_2_font_size_tablet=&#8221;40px&#8221; header_2_font_size_phone=&#8221;&#8221; header_2_font_size_last_edited=&#8221;on|tablet&#8221; global_colors_info=&#8221;{}&#8221;]<\/p>\n<h3 class=\"page-title\" style=\"text-align: center;\">Profil typu U z systemem odprowadzania wody do balustrad ca\u0142oszklanych 5000 mm<\/h3>\n<p>[\/et_pb_text][et_pb_text admin_label=&#8221;Title&#8221; _builder_version=&#8221;4.19.4&#8243; _module_preset=&#8221;default&#8221; text_font=&#8221;Rubik||||||||&#8221; header_font=&#8221;||||||||&#8221; header_2_font=&#8221;Montserrat||||||||&#8221; header_2_text_align=&#8221;center&#8221; header_2_font_size=&#8221;48px&#8221; header_2_line_height=&#8221;1.6em&#8221; header_4_font=&#8221;Inter|300|||||||&#8221; header_4_text_align=&#8221;center&#8221; header_4_text_color=&#8221;gcid-5e442122-9b97-429d-bd13-eeecd3dbf682&#8243; custom_margin=&#8221;||10px|&#8221; custom_padding=&#8221;|||&#8221; animation_style=&#8221;fade&#8221; header_2_font_size_tablet=&#8221;40px&#8221; header_2_font_size_phone=&#8221;&#8221; header_2_font_size_last_edited=&#8221;on|tablet&#8221; global_colors_info=&#8221;{%22gcid-5e442122-9b97-429d-bd13-eeecd3dbf682%22:%91%22header_4_text_color%22%93}&#8221;]<\/p>\n<p style=\"text-align: center;\"><span style=\"font-weight: 400; color: #87aba8;\">A04.KF1000.500.20<\/span><\/p>\n<p>[\/et_pb_text][et_pb_divider color=&#8221;#87ABA8&#8243; divider_position=&#8221;center&#8221; divider_weight=&#8221;3px&#8221; _builder_version=&#8221;4.17.3&#8243; _module_preset=&#8221;default&#8221; max_width=&#8221;70px&#8221; module_alignment=&#8221;center&#8221; animation_style=&#8221;slide&#8221; animation_direction=&#8221;top&#8221; animation_intensity_slide=&#8221;10%&#8221; animation_starting_opacity=&#8221;100%&#8221; global_colors_info=&#8221;{}&#8221;][\/et_pb_divider][\/et_pb_column][\/et_pb_row][et_pb_row column_structure=&#8221;2_5,3_5&#8243; _builder_version=&#8221;4.17.4&#8243; _module_preset=&#8221;default&#8221; global_colors_info=&#8221;{}&#8221;][et_pb_column type=&#8221;2_5&#8243; _builder_version=&#8221;4.17.4&#8243; _module_preset=&#8221;default&#8221; global_colors_info=&#8221;{}&#8221;][et_pb_button button_url=&#8221;https:\/\/www.kozzarailing.pl\/index.php\/oferta\/seria-kf-1000&#8243; button_text=&#8221;KF 1000&#8243; _builder_version=&#8221;4.19.4&#8243; _module_preset=&#8221;default&#8221; custom_button=&#8221;on&#8221; button_border_radius=&#8221;0px&#8221; button_font=&#8221;Rubik||||||||&#8221; button_icon=&#8221;&#x35;||divi||400&#8243; button_icon_color=&#8221;#87aba8&#8243; button_on_hover=&#8221;off&#8221; custom_margin=&#8221;0px||3px||false|false&#8221; custom_padding=&#8221;|159px|||false|false&#8221; hover_enabled=&#8221;0&#8243; global_colors_info=&#8221;{}&#8221; sticky_enabled=&#8221;0&#8243;][\/et_pb_button][et_pb_button button_url=&#8221;https:\/\/www.kozzarailing.pl\/index.php\/oferta\/seria-kf-1000-instrukcja&#8221; button_text=&#8221;Instrukcja monta\u017cu&#8221; _builder_version=&#8221;4.19.4&#8243; _module_preset=&#8221;default&#8221; custom_button=&#8221;on&#8221; button_text_color=&#8221;#87aba8&#8243; button_bg_color=&#8221;#FFFFFF&#8221; button_border_color=&#8221;#87aba8&#8243; button_border_radius=&#8221;0px&#8221; button_font=&#8221;Rubik||||||||&#8221; button_icon=&#8221;&#x35;||divi||400&#8243; button_on_hover=&#8221;off&#8221; custom_padding=&#8221;|49px|||false|false&#8221; hover_enabled=&#8221;0&#8243; global_colors_info=&#8221;{}&#8221; sticky_enabled=&#8221;0&#8243;][\/et_pb_button][et_pb_button button_url=&#8221;https:\/\/www.kozzarailing.pl\/index.php\/oferta\/seria-kf-1000-wideo&#8221; button_text=&#8221;Wideo instrukcja                                                     &#8221; _builder_version=&#8221;4.19.4&#8243; _module_preset=&#8221;default&#8221; custom_button=&#8221;on&#8221; button_border_radius=&#8221;0px&#8221; button_font=&#8221;Rubik||||||||&#8221; button_icon=&#8221;&#x35;||divi||400&#8243; button_on_hover=&#8221;off&#8221; custom_margin=&#8221;-27px||||false|false&#8221; custom_padding=&#8221;|78px|||false|false&#8221; hover_enabled=&#8221;0&#8243; global_colors_info=&#8221;{}&#8221; sticky_enabled=&#8221;0&#8243;][\/et_pb_button][et_pb_button button_url=&#8221;https:\/\/www.kozzarailing.pl\/index.php\/oferta\/seria-kf-1000-certyfikaty\/&#8221; button_text=&#8221;Certyfikaty&#8221; _builder_version=&#8221;4.19.4&#8243; _module_preset=&#8221;default&#8221; custom_button=&#8221;on&#8221; button_border_radius=&#8221;0px&#8221; button_font=&#8221;Rubik||||||||&#8221; button_icon=&#8221;&#x35;||divi||400&#8243; button_on_hover=&#8221;off&#8221; custom_margin=&#8221;-27px||||false|false&#8221; custom_padding=&#8221;|128px|||false|false&#8221; hover_enabled=&#8221;0&#8243; global_colors_info=&#8221;{%22gcid-5e442122-9b97-429d-bd13-eeecd3dbf682%22:%91%22button_icon_color%22%93}&#8221; sticky_enabled=&#8221;0&#8243;][\/et_pb_button][et_pb_button button_url=&#8221;https:\/\/www.kozzarailing.pl\/index.php\/oferta\/seria-kf-1000-elementy-systemu&#8221; button_text=&#8221;Elementy systemu&#8221; _builder_version=&#8221;4.19.4&#8243; _module_preset=&#8221;default&#8221; custom_button=&#8221;on&#8221; button_text_color=&#8221;#87aba8&#8243; button_bg_color=&#8221;gcid-5e442122-9b97-429d-bd13-eeecd3dbf682&#8243; button_border_radius=&#8221;0px&#8221; button_font=&#8221;Rubik||||||||&#8221; button_icon=&#8221;&#x35;||divi||400&#8243; button_on_hover=&#8221;off&#8221; custom_margin=&#8221;-27px||||false|false&#8221; custom_padding=&#8221;|59px|||false|false&#8221; hover_enabled=&#8221;0&#8243; global_colors_info=&#8221;{%22gcid-5e442122-9b97-429d-bd13-eeecd3dbf682%22:%91%22button_bg_color%22%93}&#8221; sticky_enabled=&#8221;0&#8243;][\/et_pb_button][et_pb_button button_url=&#8221;https:\/\/www.kozzarailing.pl\/index.php\/oferta\/seria-kf-1000-do-pobrania&#8221; button_text=&#8221;Do pobrania&#8221; _builder_version=&#8221;4.19.4&#8243; _module_preset=&#8221;default&#8221; custom_button=&#8221;on&#8221; button_border_radius=&#8221;0px&#8221; button_font=&#8221;Rubik||||||||&#8221; button_icon=&#8221;&#x35;||divi||400&#8243; button_on_hover=&#8221;off&#8221; custom_margin=&#8221;-28px||||false|false&#8221; custom_padding=&#8221;|121px|0px||false|false&#8221; hover_enabled=&#8221;0&#8243; global_colors_info=&#8221;{}&#8221; sticky_enabled=&#8221;0&#8243;][\/et_pb_button][\/et_pb_column][et_pb_column type=&#8221;3_5&#8243; _builder_version=&#8221;4.17.4&#8243; _module_preset=&#8221;default&#8221; global_colors_info=&#8221;{}&#8221;][et_pb_text _builder_version=&#8221;4.19.4&#8243; _module_preset=&#8221;default&#8221; text_font=&#8221;Rubik||||||||&#8221; header_font=&#8221;Rubik||||||||&#8221; header_2_font=&#8221;Rubik||||||||&#8221; header_3_font=&#8221;Rubik||||||||&#8221; global_colors_info=&#8221;{}&#8221;]<\/p>\n<h5>Profil typu U z systemem odprowadzania wody do balustrad ca\u0142oszklanych 5000 mm<\/h5>\n<p>&nbsp;<\/p>\n<table border=\"0\" style=\"width: 100%; border-collapse: collapse; border-style: none;\">\n<tbody>\n<tr>\n<td style=\"width: 50%;\">\n<h3 style=\"text-align: center;\"><span style=\"font-weight: 400; color: #87aba8;\">A04.KF1000.500.20<\/span><span style=\"font-weight: 400; color: #87aba8;\"><\/span><\/h3>\n<p><img loading=\"lazy\" decoding=\"async\" src=\"https:\/\/www.kozzarailing.pl\/wp-content\/uploads\/2022\/12\/A04.KF1000.500.20-300x300.jpg\" width=\"300\" height=\"300\" alt=\"profil A04.KF1000.500.20\" class=\"wp-image-1184 alignnone size-medium\" \/><\/p>\n<p><span style=\"font-weight: 400; color: #87aba8;\"><\/span><\/td>\n<td style=\"width: 50%;\">\n<ul>\n<li><span style=\"font-weight: 400;\">d\u0142ugo\u015b\u0107 profilu: <\/span><b>5000 mm<\/b><span style=\"font-weight: 400;\">,<\/span><\/li>\n<li style=\"font-weight: 400;\" aria-level=\"1\"><span style=\"font-weight: 400;\">szeroko\u015b\u0107: <\/span><b>62 mm<\/b><span style=\"font-weight: 400;\">,<\/span><\/li>\n<li style=\"font-weight: 400;\" aria-level=\"1\"><span style=\"font-weight: 400;\">wysoko\u015b\u0107: <\/span><b>130 mm<\/b><\/li>\n<li style=\"font-weight: 400;\" aria-level=\"1\"><span style=\"font-weight: 400;\">mocowanie: <\/span><b>od g\u00f3ry<\/b><\/li>\n<li style=\"font-weight: 400;\" aria-level=\"1\"><span style=\"font-weight: 400;\">system: <\/span><b>p\u0142aski<\/b><span style=\"font-weight: 400;\">,<\/span><\/li>\n<li style=\"font-weight: 400;\" aria-level=\"1\"><span style=\"font-weight: 400;\">anoda: <\/span><b>matowa<\/b><span style=\"font-weight: 400;\">,\u00a0<\/span><\/li>\n<li style=\"font-weight: 400;\" aria-level=\"1\"><span style=\"font-weight: 400;\">zakres grubo\u015bci szk\u0142a: <\/span><b>12 &#8211; 21,52 mm<span style=\"font-weight: 400;\">,<\/span><\/b><\/li>\n<li style=\"font-weight: 400;\" aria-level=\"1\"><span style=\"font-weight: 400;\">stop aluminium: <strong>EN AW 6063<\/strong>.<\/span><\/li>\n<\/ul>\n<\/td>\n<\/tr>\n<\/tbody>\n<\/table>\n<p>[\/et_pb_text][et_pb_divider _builder_version=&#8221;4.17.4&#8243; _module_preset=&#8221;default&#8221; global_colors_info=&#8221;{}&#8221;][\/et_pb_divider][et_pb_text _builder_version=&#8221;4.19.4&#8243; _module_preset=&#8221;default&#8221; text_font=&#8221;Rubik||||||||&#8221; header_font=&#8221;Rubik||||||||&#8221; header_2_font=&#8221;Rubik||||||||&#8221; header_3_font=&#8221;Rubik||||||||&#8221; global_colors_info=&#8221;{}&#8221;]<\/p>\n<h5>Profil U naro\u017cny balustrady ca\u0142oszklanej 90\u00b0<\/h5>\n<p>&nbsp;<\/p>\n<table border=\"0\" style=\"width: 100%; border-collapse: collapse; border-style: none;\">\n<tbody>\n<tr>\n<td style=\"width: 50%;\">\n<h3 style=\"text-align: center;\"><span style=\"font-weight: 400; color: #87aba8;\">A04.KF1000.100.20<\/span><span style=\"font-weight: 400; color: #87aba8;\"><\/span><\/h3>\n<p><img loading=\"lazy\" decoding=\"async\" src=\"https:\/\/www.kozzarailing.pl\/wp-content\/uploads\/2022\/12\/A04.KF1000.100.20-300x300.jpg\" width=\"300\" height=\"300\" alt=\"\" class=\"wp-image-1186 alignnone size-medium\" \/><br \/><span style=\"font-weight: 400; color: #87aba8;\"><\/span><br \/><span style=\"font-weight: 400; color: #87aba8;\"><\/span><\/p>\n<\/td>\n<td style=\"width: 50%;\">\n<ul>\n<li style=\"font-weight: 400;\" aria-level=\"1\"><span style=\"font-weight: 400;\">k\u0105t: <strong>90\u00b0<\/strong>,<\/span><\/li>\n<li style=\"font-weight: 400;\" aria-level=\"1\"><span style=\"font-weight: 400;\">d\u0142ugo\u015b\u0107: <strong>197 mm<\/strong>,<\/span><\/li>\n<li style=\"font-weight: 400;\" aria-level=\"1\"><span style=\"font-weight: 400;\">szeroko\u015b\u0107: <strong>197 mm<\/strong>,<\/span><\/li>\n<li style=\"font-weight: 400;\" aria-level=\"1\"><span style=\"font-weight: 400;\">wysoko\u015b\u0107: <strong>130 mm<\/strong>,<\/span><\/li>\n<li style=\"font-weight: 400;\" aria-level=\"1\"><span style=\"font-weight: 400;\">mocowanie: <strong>od g\u00f3ry<\/strong>,<\/span><\/li>\n<li style=\"font-weight: 400;\" aria-level=\"1\"><span style=\"font-weight: 400;\">materia\u0142: <strong>aluminium<\/strong>,<\/span><\/li>\n<li style=\"font-weight: 400;\" aria-level=\"1\"><span style=\"font-weight: 400;\">system: <strong>p\u0142aski<\/strong>,<\/span><\/li>\n<li><span style=\"font-weight: 400;\">zakres grubo\u015bci szk\u0142a: <\/span><b>12 &#8211; 21,52 mm<span style=\"font-weight: 400;\">,<\/span><\/b><span style=\"font-weight: 400;\"><\/span><\/li>\n<li style=\"font-weight: 400;\" aria-level=\"1\"><span style=\"font-weight: 400;\">anoda: <strong>matowa<\/strong>.<\/span><\/li>\n<\/ul>\n<\/td>\n<\/tr>\n<\/tbody>\n<\/table>\n<p>[\/et_pb_text][et_pb_divider _builder_version=&#8221;4.17.4&#8243; _module_preset=&#8221;default&#8221; global_colors_info=&#8221;{}&#8221;][\/et_pb_divider][et_pb_text _builder_version=&#8221;4.19.4&#8243; _module_preset=&#8221;default&#8221; text_font=&#8221;Rubik||||||||&#8221; header_font=&#8221;Rubik||||||||&#8221; header_2_font=&#8221;Rubik||||||||&#8221; header_3_font=&#8221;Rubik||||||||&#8221; global_colors_info=&#8221;{}&#8221;]<\/p>\n<h5>Za\u015blepka boczna prawa\/lewa do profili balustrad typu U<\/h5>\n<p>&nbsp;<\/p>\n<table border=\"0\" style=\"width: 100%; border-collapse: collapse; border-style: none;\">\n<tbody>\n<tr>\n<td style=\"width: 50.2119%;\">\n<h3 style=\"text-align: center;\"><span style=\"font-weight: 400; color: #87aba8;\">A04.KF1000.120.20<\/span><\/h3>\n<p><b><img loading=\"lazy\" decoding=\"async\" src=\"https:\/\/www.kozzarailing.pl\/wp-content\/uploads\/2022\/05\/A04.KE100.120.20-201x300.jpg\" width=\"201\" height=\"300\" alt=\"\" class=\"wp-image-884 alignnone size-medium\" \/><\/b><\/p>\n<p><b><\/b><\/p>\n<\/td>\n<td style=\"width: 49.7881%;\">\n<ul>\n<li><span style=\"font-weight: 400;\"><span style=\"font-weight: 400;\">mocowanie profilu: <\/span><b style=\"font-family: inherit; font-size: inherit;\">od g\u00f3ry<\/b><br \/><\/span><\/li>\n<li style=\"font-weight: 400;\" aria-level=\"1\"><span style=\"font-weight: 400;\">rodzaj za\u015blepki: <\/span><b>boczna<\/b>,<strong> prawa\/lewa<\/strong>,<\/li>\n<li style=\"font-weight: 400;\" aria-level=\"1\"><span style=\"font-weight: 400;\">przeznaczenie: <\/span><b>seria KF 1000<\/b>,<\/li>\n<li style=\"font-weight: 400;\" aria-level=\"1\"><span style=\"font-weight: 400;\">szeroko\u015b\u0107: <\/span><b>62<\/b>,<\/li>\n<li style=\"font-weight: 400;\" aria-level=\"1\"><span style=\"font-weight: 400;\">wysoko\u015b\u0107: <\/span><b>130<\/b>,<\/li>\n<li style=\"font-weight: 400;\" aria-level=\"1\"><span style=\"font-weight: 400;\">materia\u0142: <\/span><b>aluminium<\/b>,<\/li>\n<li style=\"font-weight: 400;\" aria-level=\"1\"><span style=\"font-weight: 400;\">system: <\/span><b>p\u0142aski<\/b>,<\/li>\n<li style=\"font-weight: 400;\" aria-level=\"1\"><span style=\"font-weight: 400;\">anoda: <\/span><b>matowa<\/b>.<\/li>\n<\/ul>\n<\/td>\n<\/tr>\n<\/tbody>\n<\/table>\n<p>[\/et_pb_text][et_pb_divider _builder_version=&#8221;4.17.4&#8243; _module_preset=&#8221;default&#8221; global_colors_info=&#8221;{}&#8221;][\/et_pb_divider][et_pb_text _builder_version=&#8221;4.17.4&#8243; _module_preset=&#8221;default&#8221; text_font=&#8221;Rubik||||||||&#8221; header_font=&#8221;Rubik||||||||&#8221; header_2_font=&#8221;Rubik||||||||&#8221; header_3_font=&#8221;Rubik||||||||&#8221; global_colors_info=&#8221;{}&#8221;]<\/p>\n<h5>Zestaw monta\u017cowy do 5 m profili aluminiowych typu U\/L<\/h5>\n<p><span style=\"font-weight: 400;\">Zestaw s\u0142u\u017cy do prawid\u0142owego <\/span><b>monta\u017cu szyby o grubo\u015bci od 12 do 21,52 mm<\/b><span style=\"font-weight: 400;\"> w 5-metrowym profilu aluminiowym. System monta\u017cowy umo\u017cliwia stabilizacj\u0119 tafli szklanej. Monta\u017c odbywa si\u0119 w spos\u00f3b szybki i \u0142atwy \u2013 szk\u0142o jest ustabilizowane pod k\u0105tem 90\u00b0. <\/span><span style=\"font-weight: 400;\">Komplet sk\u0142ada si\u0119 z element\u00f3w Glassmove oraz gumowych uszczelek \u2013 umo\u017cliwiaj\u0105cych monta\u017c na d\u0142ugo\u015bci 5 m.\u00a0<\/span><\/p>\n<table border=\"0\" style=\"width: 100%; border-collapse: collapse; border-style: none;\">\n<tbody>\n<tr>\n<td style=\"width: 50%;\"><img loading=\"lazy\" decoding=\"async\" src=\"https:\/\/www.kozzarailing.pl\/wp-content\/uploads\/2022\/05\/Regulowany-klin-1-300x171.jpg\" width=\"300\" height=\"171\" alt=\"\" class=\"wp-image-966 alignnone size-medium\" \/><\/td>\n<td style=\"width: 50%;\">\n<p><b>Zawarto\u015b\u0107 zestawu:<\/b><\/p>\n<ul>\n<li style=\"font-weight: 400;\" aria-level=\"1\"><span style=\"font-weight: 400;\">gumowe uszczelki \u2013 przednia i tylna,<\/span><\/li>\n<li style=\"font-weight: 400;\" aria-level=\"1\"><span style=\"font-weight: 400;\">elementy monta\u017cowe Glassmove<\/span><\/li>\n<\/ul>\n<\/td>\n<\/tr>\n<\/tbody>\n<\/table>\n<table border=\"1\" style=\"height: 72px; width: 100%; border-collapse: collapse; background-color: #e7eeee; border-color: #ffffff; border-style: solid;\">\n<tbody>\n<tr>\n<td style=\"width: 33.3333%; text-align: center; background-color: #87aba8;\"><span style=\"color: #808080;\"><span style=\"color: #ffffff;\"><strong>Grubo\u015b\u0107 szyby<\/strong><\/span><\/span><\/td>\n<td style=\"width: 33.3333%; text-align: center; background-color: #87aba8;\"><span style=\"color: #808080;\"><span style=\"color: #ffffff;\"><strong>Kolor<\/strong><\/span><\/span><\/td>\n<td style=\"width: 33.3333%; text-align: center; background-color: #87aba8;\"><span style=\"color: #808080;\"><span style=\"color: #ffffff;\"><strong>Index<\/strong><\/span><\/span><\/td>\n<\/tr>\n<tr style=\"height: 24px;\">\n<td style=\"width: 33.3333%; height: 24px; text-align: center;\"><span style=\"color: #808080;\">12-13,52 mm<\/span><\/td>\n<td style=\"width: 33.3333%; height: 24px; text-align: center;\">czerwony<\/td>\n<td style=\"width: 33.3333%; height: 24px; text-align: center;\"><span style=\"color: #808080;\">A04.GM012.5000<\/span><\/td>\n<\/tr>\n<tr style=\"height: 24px;\">\n<td style=\"width: 33.3333%; height: 24px; text-align: center;\"><span style=\"color: #808080;\">16-17,52 mm<\/span><\/td>\n<td style=\"width: 33.3333%; height: 24px; text-align: center;\">niebieski<\/td>\n<td style=\"width: 33.3333%; height: 24px; text-align: center;\"><span style=\"color: #808080;\">A04.GM016.5000<\/span><\/td>\n<\/tr>\n<tr style=\"height: 24px;\">\n<td style=\"width: 33.3333%; height: 24px; text-align: center;\"><span style=\"color: #808080;\">20-21,52 mm<\/span><\/td>\n<td style=\"width: 33.3333%; height: 24px; text-align: center;\">zielony<\/td>\n<td style=\"width: 33.3333%; height: 24px; text-align: center;\"><span style=\"color: #808080;\">A04.GM020.5000<\/span><\/td>\n<\/tr>\n<\/tbody>\n<\/table>\n<p>&nbsp;<\/p>\n<p>[\/et_pb_text][\/et_pb_column][\/et_pb_row][\/et_pb_section]<\/p>\n","protected":false},"excerpt":{"rendered":"<p>Seria KF 1000Profil typu U z systemem odprowadzania wody do balustrad ca\u0142oszklanych 5000 mmA04.KF1000.500.20Profil typu U z systemem odprowadzania wody do balustrad ca\u0142oszklanych 5000 mm &nbsp; A04.KF1000.500.20 d\u0142ugo\u015b\u0107 profilu: 5000 mm, szeroko\u015b\u0107: 62 mm, wysoko\u015b\u0107: 130 mm mocowanie: od g\u00f3ry system: p\u0142aski, anoda: matowa,\u00a0 zakres grubo\u015bci szk\u0142a: 12 &#8211; 21,52 mm, stop aluminium: EN AW [&hellip;]<\/p>\n","protected":false},"author":2,"featured_media":0,"parent":95,"menu_order":0,"comment_status":"closed","ping_status":"closed","template":"","meta":{"_et_pb_use_builder":"on","_et_pb_old_content":"","_et_gb_content_width":"","_themeisle_gutenberg_block_has_review":false,"footnotes":""},"class_list":["post-1265","page","type-page","status-publish","hentry"],"_links":{"self":[{"href":"https:\/\/www.kozzarailing.pl\/index.php\/wp-json\/wp\/v2\/pages\/1265","targetHints":{"allow":["GET"]}}],"collection":[{"href":"https:\/\/www.kozzarailing.pl\/index.php\/wp-json\/wp\/v2\/pages"}],"about":[{"href":"https:\/\/www.kozzarailing.pl\/index.php\/wp-json\/wp\/v2\/types\/page"}],"author":[{"embeddable":true,"href":"https:\/\/www.kozzarailing.pl\/index.php\/wp-json\/wp\/v2\/users\/2"}],"replies":[{"embeddable":true,"href":"https:\/\/www.kozzarailing.pl\/index.php\/wp-json\/wp\/v2\/comments?post=1265"}],"version-history":[{"count":9,"href":"https:\/\/www.kozzarailing.pl\/index.php\/wp-json\/wp\/v2\/pages\/1265\/revisions"}],"predecessor-version":[{"id":1649,"href":"https:\/\/www.kozzarailing.pl\/index.php\/wp-json\/wp\/v2\/pages\/1265\/revisions\/1649"}],"up":[{"embeddable":true,"href":"https:\/\/www.kozzarailing.pl\/index.php\/wp-json\/wp\/v2\/pages\/95"}],"wp:attachment":[{"href":"https:\/\/www.kozzarailing.pl\/index.php\/wp-json\/wp\/v2\/media?parent=1265"}],"curies":[{"name":"wp","href":"https:\/\/api.w.org\/{rel}","templated":true}]}}