{"id":497,"date":"2022-05-20T11:17:54","date_gmt":"2022-05-20T09:17:54","guid":{"rendered":"https:\/\/www.kozzarailing.pl\/?page_id=497"},"modified":"2023-03-08T10:54:31","modified_gmt":"2023-03-08T09:54:31","slug":"seria-ke-100-2","status":"publish","type":"page","link":"https:\/\/www.kozzarailing.pl\/index.php\/oferta\/seria-ke-100-2\/","title":{"rendered":"Seria KE 100"},"content":{"rendered":"<p>[et_pb_section fb_built=&#8221;1&#8243; admin_label=&#8221;Practice Section&#8221; _builder_version=&#8221;4.16&#8243; _module_preset=&#8221;default&#8221; custom_padding=&#8221;0px||50px||false|&#8221; saved_tabs=&#8221;all&#8221; global_colors_info=&#8221;{}&#8221;][et_pb_row _builder_version=&#8221;4.17.4&#8243; _module_preset=&#8221;default&#8221; global_colors_info=&#8221;{}&#8221;][et_pb_column type=&#8221;4_4&#8243; _builder_version=&#8221;4.17.4&#8243; _module_preset=&#8221;default&#8221; global_colors_info=&#8221;{}&#8221;][et_pb_nextend_smart_slider_3 slider=&#8221;6&#8243; _builder_version=&#8221;4.17.4&#8243; _module_preset=&#8221;default&#8221; global_colors_info=&#8221;{}&#8221;][\/et_pb_nextend_smart_slider_3][\/et_pb_column][\/et_pb_row][et_pb_row admin_label=&#8221;Practice Area&#8221; _builder_version=&#8221;4.16&#8243; _module_preset=&#8221;default&#8221; locked=&#8221;off&#8221; global_colors_info=&#8221;{}&#8221;][et_pb_column type=&#8221;4_4&#8243; _builder_version=&#8221;4.16&#8243; _module_preset=&#8221;default&#8221; custom_padding=&#8221;|||&#8221; global_colors_info=&#8221;{}&#8221; custom_padding__hover=&#8221;|||&#8221;][et_pb_text admin_label=&#8221;Title&#8221; _builder_version=&#8221;4.17.4&#8243; _module_preset=&#8221;default&#8221; text_font=&#8221;Rubik||||||||&#8221; header_font=&#8221;Rubik|700|||||||&#8221; header_2_font=&#8221;Rubik|700|||||||&#8221; header_2_text_align=&#8221;center&#8221; header_2_font_size=&#8221;48px&#8221; header_2_line_height=&#8221;1.6em&#8221; custom_margin=&#8221;||10px|&#8221; custom_padding=&#8221;|||&#8221; animation_style=&#8221;fade&#8221; header_2_font_size_tablet=&#8221;40px&#8221; header_2_font_size_phone=&#8221;&#8221; header_2_font_size_last_edited=&#8221;on|tablet&#8221; global_colors_info=&#8221;{}&#8221;]<\/p>\n<h2><a href=\"https:\/\/www.kozzarailing.pl\/index.php\/oferta\/seria-ke-100-elementy-systemu\/\">Seria KE 100<\/a><\/h2>\n<p>[\/et_pb_text][et_pb_text admin_label=&#8221;Title&#8221; _builder_version=&#8221;4.17.4&#8243; _module_preset=&#8221;default&#8221; text_font=&#8221;Rubik||||||||&#8221; header_font=&#8221;Rubik||||||||&#8221; header_2_font=&#8221;Rubik||||||||&#8221; header_2_text_align=&#8221;center&#8221; header_2_font_size=&#8221;48px&#8221; header_2_line_height=&#8221;1.6em&#8221; custom_margin=&#8221;||10px|&#8221; custom_padding=&#8221;0px|||||&#8221; animation_style=&#8221;fade&#8221; header_2_font_size_tablet=&#8221;40px&#8221; header_2_font_size_phone=&#8221;&#8221; header_2_font_size_last_edited=&#8221;on|tablet&#8221; global_colors_info=&#8221;{}&#8221;]<\/p>\n<h3 style=\"text-align: center;\">Profil typu U do balustrad ca\u0142oszklanych 5000 mm<\/h3>\n<p>[\/et_pb_text][et_pb_text admin_label=&#8221;Title&#8221; _builder_version=&#8221;4.17.4&#8243; _module_preset=&#8221;default&#8221; text_font=&#8221;Rubik||||||||&#8221; header_font=&#8221;||||||||&#8221; header_2_font=&#8221;Montserrat||||||||&#8221; header_2_text_align=&#8221;center&#8221; header_2_font_size=&#8221;48px&#8221; header_2_line_height=&#8221;1.6em&#8221; header_4_font=&#8221;Inter|300|||||||&#8221; header_4_text_align=&#8221;center&#8221; header_4_text_color=&#8221;gcid-5e442122-9b97-429d-bd13-eeecd3dbf682&#8243; custom_margin=&#8221;||10px|&#8221; custom_padding=&#8221;|||&#8221; animation_style=&#8221;fade&#8221; header_2_font_size_tablet=&#8221;40px&#8221; header_2_font_size_phone=&#8221;&#8221; header_2_font_size_last_edited=&#8221;on|tablet&#8221; global_colors_info=&#8221;{%22gcid-5e442122-9b97-429d-bd13-eeecd3dbf682%22:%91%22header_4_text_color%22%93}&#8221;]<\/p>\n<p style=\"text-align: center;\"><span style=\"font-weight: 400; color: #87aba8;\">A04.KE100.500.20<\/span><\/p>\n<p>[\/et_pb_text][et_pb_divider color=&#8221;#87ABA8&#8243; divider_position=&#8221;center&#8221; divider_weight=&#8221;3px&#8221; _builder_version=&#8221;4.17.3&#8243; _module_preset=&#8221;default&#8221; max_width=&#8221;70px&#8221; module_alignment=&#8221;center&#8221; animation_style=&#8221;slide&#8221; animation_direction=&#8221;top&#8221; animation_intensity_slide=&#8221;10%&#8221; animation_starting_opacity=&#8221;100%&#8221; global_colors_info=&#8221;{}&#8221;][\/et_pb_divider][\/et_pb_column][\/et_pb_row][et_pb_row column_structure=&#8221;1_3,1_3,1_3&#8243; _builder_version=&#8221;4.17.4&#8243; _module_preset=&#8221;default&#8221; global_colors_info=&#8221;{}&#8221;][et_pb_column type=&#8221;1_3&#8243; _builder_version=&#8221;4.17.4&#8243; _module_preset=&#8221;default&#8221; global_colors_info=&#8221;{}&#8221;][et_pb_button button_text=&#8221;KE 100&#8243; _builder_version=&#8221;4.17.4&#8243; _module_preset=&#8221;default&#8221; custom_button=&#8221;on&#8221; button_text_color=&#8221;#FFFFFF&#8221; button_bg_color=&#8221;gcid-5e442122-9b97-429d-bd13-eeecd3dbf682&#8243; button_border_color=&#8221;#87aba8&#8243; button_border_radius=&#8221;0px&#8221; button_font=&#8221;Rubik||||||||&#8221; button_icon=&#8221;&#x35;||divi||400&#8243; button_icon_color=&#8221;#87aba8&#8243; button_on_hover=&#8221;off&#8221; custom_margin=&#8221;0px||3px||false|false&#8221; custom_padding=&#8221;|171px|||false|false&#8221; global_colors_info=&#8221;{%22gcid-5e442122-9b97-429d-bd13-eeecd3dbf682%22:%91%22button_bg_color%22%93}&#8221;][\/et_pb_button][et_pb_button button_url=&#8221;https:\/\/www.kozzarailing.pl\/index.php\/oferta\/seria-ke-100-instrukcja&#8221; button_text=&#8221;Instrukcja monta\u017cu&#8221; _builder_version=&#8221;4.17.4&#8243; _module_preset=&#8221;default&#8221; custom_button=&#8221;on&#8221; button_text_color=&#8221;#87aba8&#8243; button_bg_color=&#8221;#FFFFFF&#8221; button_border_color=&#8221;#87aba8&#8243; button_border_radius=&#8221;0px&#8221; button_font=&#8221;Rubik||||||||&#8221; button_icon=&#8221;&#x35;||divi||400&#8243; button_on_hover=&#8221;off&#8221; custom_padding=&#8221;|49px|||false|false&#8221; global_colors_info=&#8221;{}&#8221;][\/et_pb_button][et_pb_button button_url=&#8221;https:\/\/www.kozzarailing.pl\/index.php\/oferta\/seria-ke-100-wideo&#8221; button_text=&#8221;Wideo instrukcja                                                     &#8221; _builder_version=&#8221;4.17.4&#8243; _module_preset=&#8221;default&#8221; custom_button=&#8221;on&#8221; button_border_radius=&#8221;0px&#8221; button_font=&#8221;Rubik||||||||&#8221; button_icon=&#8221;&#x35;||divi||400&#8243; button_on_hover=&#8221;off&#8221; custom_margin=&#8221;-27px||||false|false&#8221; custom_padding=&#8221;|78px|||false|false&#8221; global_colors_info=&#8221;{}&#8221;][\/et_pb_button][et_pb_button button_url=&#8221;https:\/\/www.kozzarailing.pl\/index.php\/oferta\/seria-ke-100-certyfikaty\/&#8221; button_text=&#8221;Certyfikaty&#8221; _builder_version=&#8221;4.17.4&#8243; _module_preset=&#8221;default&#8221; custom_button=&#8221;on&#8221; button_border_radius=&#8221;0px&#8221; button_font=&#8221;Rubik||||||||&#8221; button_icon=&#8221;&#x35;||divi||400&#8243; button_on_hover=&#8221;off&#8221; custom_margin=&#8221;-27px||||false|false&#8221; custom_padding=&#8221;|129px|||false|false&#8221; global_colors_info=&#8221;{%22gcid-5e442122-9b97-429d-bd13-eeecd3dbf682%22:%91%22button_icon_color%22%93}&#8221;][\/et_pb_button][et_pb_button button_url=&#8221;https:\/\/www.kozzarailing.pl\/index.php\/oferta\/seria-ke-100-elementy-systemu&#8221; button_text=&#8221;Elementy systemu&#8221; _builder_version=&#8221;4.17.4&#8243; _module_preset=&#8221;default&#8221; custom_button=&#8221;on&#8221; button_border_radius=&#8221;0px&#8221; button_font=&#8221;Rubik||||||||&#8221; button_icon=&#8221;&#x35;||divi||400&#8243; button_on_hover=&#8221;off&#8221; custom_margin=&#8221;-27px||||false|false&#8221; custom_padding=&#8221;|59px|||false|false&#8221; global_colors_info=&#8221;{}&#8221;][\/et_pb_button][et_pb_button button_url=&#8221;https:\/\/www.kozzarailing.pl\/index.php\/oferta\/seria-ke-100-do-pobrania&#8221; button_text=&#8221;Do pobrania&#8221; _builder_version=&#8221;4.17.4&#8243; _module_preset=&#8221;default&#8221; custom_button=&#8221;on&#8221; button_border_radius=&#8221;0px&#8221; button_font=&#8221;Rubik||||||||&#8221; button_icon=&#8221;&#x35;||divi||400&#8243; button_on_hover=&#8221;off&#8221; custom_margin=&#8221;-28px||||false|false&#8221; custom_padding=&#8221;|121px|||false|false&#8221; global_colors_info=&#8221;{}&#8221;][\/et_pb_button][\/et_pb_column][et_pb_column type=&#8221;1_3&#8243; _builder_version=&#8221;4.17.4&#8243; _module_preset=&#8221;default&#8221; global_colors_info=&#8221;{}&#8221;][et_pb_text _builder_version=&#8221;4.17.4&#8243; _module_preset=&#8221;default&#8221; text_font=&#8221;Rubik||||||||&#8221; header_font=&#8221;Rubik||||||||&#8221; global_colors_info=&#8221;{}&#8221;]<\/p>\n<p><span style=\"font-weight: 400;\"><strong>Profile U<\/strong> do balustrad ca\u0142oszklanych z serii <strong>KE 100<\/strong> zosta\u0142y opracowane i\u00a0skonstruowanie zgodnie z zaleceniami i wymaganiami architekt\u00f3w. Mocowane od\u00a0g\u00f3ry, \u015bwietnie sprawdzaj\u0105 si\u0119 zar\u00f3wno w przestrzeniach mieszkalnych, jak i\u00a0wi\u0119kszych projektach, typu hotele i centra handlowe.<\/span><\/p>\n<ul>\n<li style=\"font-weight: 400;\" aria-level=\"1\"><span style=\"font-weight: 400;\">d\u0142ugo\u015b\u0107 profilu: <strong>5000 mm<\/strong>,<\/span><\/li>\n<li style=\"font-weight: 400;\" aria-level=\"1\"><span style=\"font-weight: 400;\">szeroko\u015b\u0107: <strong>60 mm<\/strong>,<\/span><\/li>\n<li style=\"font-weight: 400;\" aria-level=\"1\"><span style=\"font-weight: 400;\">wysoko\u015b\u0107: <strong>110 mm<\/strong>,<\/span><\/li>\n<li style=\"font-weight: 400;\" aria-level=\"1\"><span style=\"font-weight: 400;\">mocowanie: <strong>od g\u00f3ry<\/strong>,<\/span><\/li>\n<li style=\"font-weight: 400;\" aria-level=\"1\"><span style=\"font-weight: 400;\">system: <strong>p\u0142aski<\/strong>,<\/span><\/li>\n<li style=\"font-weight: 400;\" aria-level=\"1\"><span style=\"font-weight: 400;\">anoda: <strong>matowa<\/strong>,<\/span><\/li>\n<li style=\"font-weight: 400;\" aria-level=\"1\"><span style=\"font-weight: 400;\">zakres grubo\u015bci szk\u0142a: <strong>od 12 do 21,52 mm<\/strong>.<\/span><\/li>\n<\/ul>\n<p><span style=\"font-weight: 400;\">Stop aluminium <strong>EN AW 6063<\/strong>. Wyniki przemieszczenia dla profilu o d\u0142ugo\u015bci podstawy 1 m, przy obci\u0105\u017ceniu poziomym poni\u017cej 500 kg (5000 nt), od podstawy do najwy\u017cszego punktu profilu.<\/span><\/p>\n<p>[\/et_pb_text][\/et_pb_column][et_pb_column type=&#8221;1_3&#8243; _builder_version=&#8221;4.17.4&#8243; _module_preset=&#8221;default&#8221; global_colors_info=&#8221;{}&#8221;][et_pb_image src=&#8221;https:\/\/www.kozzarailing.pl\/wp-content\/uploads\/2022\/05\/P.56-500px.jpg&#8221; title_text=&#8221;P.56-500px&#8221; _builder_version=&#8221;4.17.4&#8243; _module_preset=&#8221;default&#8221; global_colors_info=&#8221;{}&#8221;][\/et_pb_image][\/et_pb_column][\/et_pb_row][et_pb_row _builder_version=&#8221;4.17.4&#8243; _module_preset=&#8221;default&#8221; global_colors_info=&#8221;{}&#8221;][et_pb_column type=&#8221;4_4&#8243; _builder_version=&#8221;4.17.4&#8243; _module_preset=&#8221;default&#8221; global_colors_info=&#8221;{}&#8221;][et_pb_accordion open_toggle_background_color=&#8221;#FFFFFF&#8221; closed_toggle_background_color=&#8221;gcid-5e442122-9b97-429d-bd13-eeecd3dbf682&#8243; icon_color=&#8221;#87aba8&#8243; module_id=&#8221;KE 100&#8243; _builder_version=&#8221;4.19.4&#8243; _module_preset=&#8221;default&#8221; toggle_level=&#8221;h3&#8243; toggle_font=&#8221;Rubik||||||||&#8221; closed_toggle_font=&#8221;Rubik||||||||&#8221; body_font=&#8221;Rubik||||||||&#8221; hover_enabled=&#8221;0&#8243; global_colors_info=&#8221;{%22gcid-5e442122-9b97-429d-bd13-eeecd3dbf682%22:%91%22closed_toggle_background_color%22%93}&#8221; sticky_enabled=&#8221;0&#8243;][et_pb_accordion_item title=&#8221;Rysunek techniczny&#8221; open_toggle_background_color=&#8221;#FFFFFF&#8221; closed_toggle_background_color=&#8221;gcid-5e442122-9b97-429d-bd13-eeecd3dbf682&#8243; _builder_version=&#8221;4.17.4&#8243; _module_preset=&#8221;default&#8221; body_font=&#8221;Rubik||||||||&#8221; global_colors_info=&#8221;{%22gcid-5e442122-9b97-429d-bd13-eeecd3dbf682%22:%91%22closed_toggle_background_color%22%93}&#8221; toggle_level=&#8221;h3&#8243; closed_toggle_font=&#8221;Rubik||||||||&#8221; open=&#8221;off&#8221;]<\/p>\n<p><img loading=\"lazy\" decoding=\"async\" width=\"2560\" height=\"1076\" src=\"https:\/\/www.kozzarailing.pl\/wp-content\/uploads\/2022\/05\/rys-3_KE-100-scaled.jpg\" alt=\"\" class=\"size-medium alignnone\" \/><\/p>\n<p><img loading=\"lazy\" decoding=\"async\" width=\"2560\" height=\"2560\" src=\"https:\/\/www.kozzarailing.pl\/wp-content\/uploads\/2022\/05\/rys-2_KE-100-scaled.jpg\" alt=\"\" class=\"size-medium alignnone\" \/><\/p>\n<p>[\/et_pb_accordion_item][et_pb_accordion_item title=&#8221;System mocowania GLASSMOVE&#8221; _builder_version=&#8221;4.17.4&#8243; _module_preset=&#8221;default&#8221; body_font=&#8221;Rubik||||||||&#8221; global_colors_info=&#8221;{}&#8221; closed_toggle_font=&#8221;Rubik||||||||&#8221; open=&#8221;on&#8221;]<\/p>\n<p><img loading=\"lazy\" decoding=\"async\" width=\"1522\" height=\"875\" src=\"https:\/\/www.kozzarailing.pl\/wp-content\/uploads\/2022\/05\/System_mocowania_glassmove_grubosc-szkla_KE100.jpg\" alt=\"\" class=\"size-medium alignnone\" \/><\/p>\n<p>[\/et_pb_accordion_item][et_pb_accordion_item title=&#8221;Spos\u00f3b kotwienia&#8221; _builder_version=&#8221;4.17.4&#8243; _module_preset=&#8221;default&#8221; global_colors_info=&#8221;{}&#8221; open=&#8221;off&#8221;]<\/p>\n<p><img loading=\"lazy\" decoding=\"async\" width=\"1409\" height=\"659\" src=\"https:\/\/www.kozzarailing.pl\/wp-content\/uploads\/2022\/05\/sposoby-kotwienia_dla_KE100.jpg\" alt=\"\" class=\"size-medium alignnone\" \/><\/p>\n<p>[\/et_pb_accordion_item][et_pb_accordion_item title=&#8221;Maksymalne wyniki dotycz\u0105ce obci\u0105\u017cenia wiatrem i uderzeniem&#8221; _builder_version=&#8221;4.17.4&#8243; _module_preset=&#8221;default&#8221; global_colors_info=&#8221;{}&#8221; open=&#8221;off&#8221;]<\/p>\n<p><img loading=\"lazy\" decoding=\"async\" width=\"862\" height=\"900\" src=\"https:\/\/www.kozzarailing.pl\/wp-content\/uploads\/2022\/05\/max_obciazenie_i_wiatr_KE100.jpg\" alt=\"\" class=\"size-medium alignnone\" \/><\/p>\n<p>[\/et_pb_accordion_item][et_pb_accordion_item title=&#8221;Maksymalna wysoko\u015b\u0107&#8221; _builder_version=&#8221;4.17.4&#8243; _module_preset=&#8221;default&#8221; global_colors_info=&#8221;{}&#8221; open=&#8221;off&#8221;]<\/p>\n<p><img loading=\"lazy\" decoding=\"async\" width=\"931\" height=\"591\" src=\"https:\/\/www.kozzarailing.pl\/wp-content\/uploads\/2022\/05\/Max_wysokosc_KE100.jpg\" alt=\"\" class=\"size-medium alignnone\" \/><\/p>\n<p>[\/et_pb_accordion_item][et_pb_accordion_item title=&#8221;Profile i za\u015blepki&#8221; open=&#8221;off&#8221; _builder_version=&#8221;4.19.4&#8243; _module_preset=&#8221;default&#8221; hover_enabled=&#8221;0&#8243; global_colors_info=&#8221;{}&#8221; sticky_enabled=&#8221;0&#8243;]<\/p>\n<p style=\"text-align: center;\"><img loading=\"lazy\" decoding=\"async\" src=\"https:\/\/www.kozzarailing.pl\/wp-content\/uploads\/2023\/03\/KE100-scaled.jpg\" width=\"2560\" height=\"480\" alt=\"\" class=\"wp-image-1615 alignnone size-full\" srcset=\"https:\/\/www.kozzarailing.pl\/wp-content\/uploads\/2023\/03\/KE100-scaled.jpg 2560w, https:\/\/www.kozzarailing.pl\/wp-content\/uploads\/2023\/03\/KE100-1280x240.jpg 1280w, https:\/\/www.kozzarailing.pl\/wp-content\/uploads\/2023\/03\/KE100-980x184.jpg 980w, https:\/\/www.kozzarailing.pl\/wp-content\/uploads\/2023\/03\/KE100-480x90.jpg 480w\" sizes=\"auto, (min-width: 0px) and (max-width: 480px) 480px, (min-width: 481px) and (max-width: 980px) 980px, (min-width: 981px) and (max-width: 1280px) 1280px, (min-width: 1281px) 2560px, 100vw\" \/><\/p>\n<p>[\/et_pb_accordion_item][\/et_pb_accordion][\/et_pb_column][\/et_pb_row][\/et_pb_section]<\/p>\n","protected":false},"excerpt":{"rendered":"<p>Seria KE 100Profil typu U do balustrad ca\u0142oszklanych 5000 mmA04.KE100.500.20Profile U do balustrad ca\u0142oszklanych z serii KE 100 zosta\u0142y opracowane i\u00a0skonstruowanie zgodnie z zaleceniami i wymaganiami architekt\u00f3w. Mocowane od\u00a0g\u00f3ry, \u015bwietnie sprawdzaj\u0105 si\u0119 zar\u00f3wno w przestrzeniach mieszkalnych, jak i\u00a0wi\u0119kszych projektach, typu hotele i centra handlowe. d\u0142ugo\u015b\u0107 profilu: 5000 mm, szeroko\u015b\u0107: 60 mm, wysoko\u015b\u0107: 110 mm, mocowanie: [&hellip;]<\/p>\n","protected":false},"author":2,"featured_media":0,"parent":95,"menu_order":0,"comment_status":"closed","ping_status":"closed","template":"","meta":{"_et_pb_use_builder":"on","_et_pb_old_content":"","_et_gb_content_width":"","_themeisle_gutenberg_block_has_review":false,"footnotes":""},"class_list":["post-497","page","type-page","status-publish","hentry"],"_links":{"self":[{"href":"https:\/\/www.kozzarailing.pl\/index.php\/wp-json\/wp\/v2\/pages\/497","targetHints":{"allow":["GET"]}}],"collection":[{"href":"https:\/\/www.kozzarailing.pl\/index.php\/wp-json\/wp\/v2\/pages"}],"about":[{"href":"https:\/\/www.kozzarailing.pl\/index.php\/wp-json\/wp\/v2\/types\/page"}],"author":[{"embeddable":true,"href":"https:\/\/www.kozzarailing.pl\/index.php\/wp-json\/wp\/v2\/users\/2"}],"replies":[{"embeddable":true,"href":"https:\/\/www.kozzarailing.pl\/index.php\/wp-json\/wp\/v2\/comments?post=497"}],"version-history":[{"count":41,"href":"https:\/\/www.kozzarailing.pl\/index.php\/wp-json\/wp\/v2\/pages\/497\/revisions"}],"predecessor-version":[{"id":1617,"href":"https:\/\/www.kozzarailing.pl\/index.php\/wp-json\/wp\/v2\/pages\/497\/revisions\/1617"}],"up":[{"embeddable":true,"href":"https:\/\/www.kozzarailing.pl\/index.php\/wp-json\/wp\/v2\/pages\/95"}],"wp:attachment":[{"href":"https:\/\/www.kozzarailing.pl\/index.php\/wp-json\/wp\/v2\/media?parent=497"}],"curies":[{"name":"wp","href":"https:\/\/api.w.org\/{rel}","templated":true}]}}